{"id":10,"date":"2026-04-02T01:13:56","date_gmt":"2026-04-02T01:13:56","guid":{"rendered":"http:\/\/portfolio-dvp-web.local\/?page_id=10"},"modified":"2026-04-02T01:13:56","modified_gmt":"2026-04-02T01:13:56","slug":"acceuil","status":"publish","type":"page","link":"https:\/\/christhcd.iloveyoupihost.com\/","title":{"rendered":"Acceuil"},"content":{"rendered":"<h1>Portfolio d&rsquo;un D\u00e9veloppeur Web<\/h1>\n<p>Je concois des sites modernes, performants et sur mesure pour booster votre pr\u00e9sence en ligne.<\/p>\n<p>\t\t\t\t\t\t\t\t<a href=\"http:\/\/portfolio-dvp-web.local\/galerie\/\"><br \/>\n\t\t\t\t\t\t\t\t\tVoir mes projets<br \/>\n\t\t\t\t\t<\/a><br \/>\n\t\t\t\t\t\t\t\t\t\t\t\t\t\t\t\t\t\t\t<img loading=\"lazy\" decoding=\"async\" width=\"800\" height=\"800\" src=\"http:\/\/portfolio-dvp-web.local\/wp-content\/uploads\/2026\/04\/WhatsApp-Image-2026-04-10-at-14.24.58.jpeg\" alt=\"\" srcset=\"http:\/\/portfolio-dvp-web.local\/wp-content\/uploads\/2026\/04\/WhatsApp-Image-2026-04-10-at-14.24.58.jpeg 1024w, http:\/\/portfolio-dvp-web.local\/wp-content\/uploads\/2026\/04\/WhatsApp-Image-2026-04-10-at-14.24.58-300x300.jpeg 300w, http:\/\/portfolio-dvp-web.local\/wp-content\/uploads\/2026\/04\/WhatsApp-Image-2026-04-10-at-14.24.58-150x150.jpeg 150w, http:\/\/portfolio-dvp-web.local\/wp-content\/uploads\/2026\/04\/WhatsApp-Image-2026-04-10-at-14.24.58-768x768.jpeg 768w\" sizes=\"auto, (max-width: 800px) 100vw, 800px\" \/>\t\t\t\t\t\t\t\t\t\t\t\t\t\t\t\t\t\t\t\t\t\t\t\t\t\t<img loading=\"lazy\" decoding=\"async\" width=\"736\" height=\"736\" src=\"http:\/\/portfolio-dvp-web.local\/wp-content\/uploads\/2026\/04\/telechargement-2.jpg\" alt=\"\" srcset=\"http:\/\/portfolio-dvp-web.local\/wp-content\/uploads\/2026\/04\/telechargement-2.jpg 736w, http:\/\/portfolio-dvp-web.local\/wp-content\/uploads\/2026\/04\/telechargement-2-300x300.jpg 300w, http:\/\/portfolio-dvp-web.local\/wp-content\/uploads\/2026\/04\/telechargement-2-150x150.jpg 150w\" sizes=\"auto, (max-width: 736px) 100vw, 736px\" \/>\t\t\t\t\t\t\t\t\t\t\t\t\t\t\t\t\t\t\t\t\t\t\t\t\t\t<img loading=\"lazy\" decoding=\"async\" width=\"736\" height=\"964\" src=\"http:\/\/portfolio-dvp-web.local\/wp-content\/uploads\/2026\/04\/telechargement-5.jpg\" alt=\"\" srcset=\"http:\/\/portfolio-dvp-web.local\/wp-content\/uploads\/2026\/04\/telechargement-5.jpg 736w, http:\/\/portfolio-dvp-web.local\/wp-content\/uploads\/2026\/04\/telechargement-5-229x300.jpg 229w\" sizes=\"auto, (max-width: 736px) 100vw, 736px\" \/>\t\t\t\t\t\t\t\t\t\t\t\t\t\t\t\t\t\t\t\t\t\t\t\t\t\t<img loading=\"lazy\" decoding=\"async\" width=\"736\" height=\"736\" src=\"http:\/\/portfolio-dvp-web.local\/wp-content\/uploads\/2026\/04\/telechargement-3.jpg\" alt=\"\" srcset=\"http:\/\/portfolio-dvp-web.local\/wp-content\/uploads\/2026\/04\/telechargement-3.jpg 736w, http:\/\/portfolio-dvp-web.local\/wp-content\/uploads\/2026\/04\/telechargement-3-300x300.jpg 300w, http:\/\/portfolio-dvp-web.local\/wp-content\/uploads\/2026\/04\/telechargement-3-150x150.jpg 150w\" sizes=\"auto, (max-width: 736px) 100vw, 736px\" \/>\t\t\t\t\t\t\t\t\t\t\t\t\t\t\t\t\t\t\t\t\t\t\t\t\t\t<img loading=\"lazy\" decoding=\"async\" width=\"736\" height=\"964\" src=\"http:\/\/portfolio-dvp-web.local\/wp-content\/uploads\/2026\/04\/telechargement-5.jpg\" alt=\"\" srcset=\"http:\/\/portfolio-dvp-web.local\/wp-content\/uploads\/2026\/04\/telechargement-5.jpg 736w, http:\/\/portfolio-dvp-web.local\/wp-content\/uploads\/2026\/04\/telechargement-5-229x300.jpg 229w\" sizes=\"auto, (max-width: 736px) 100vw, 736px\" \/>\t\t\t\t\t\t\t\t\t\t\t\t\t\t\t\t<\/p>\n<h3>A Propos de Moi<\/h3>\n<p>D\u00e9veloppeur web passionn\u00e9, sp\u00e9cialis\u00e9 en front-end et back-end.<\/p>\n<p>J&rsquo;aime coder, innover et cr\u00e9er des exp\u00e9riences web uniques.<\/p>\n<p>\t\t\t\t\t\t\t\t<a href=\"http:\/\/portfolio-dvp-web.local\/a-propos\/\"><br \/>\n\t\t\t\t\t\t\t\t\tEn savoir plus<br \/>\n\t\t\t\t\t<\/a><\/p>\n<h3>Mes comp\u00e9tences<\/h3>\n<p>Mes technologies<\/p>\n<figure><a href=\"#\" tabindex=\"-1\"><img loading=\"lazy\" decoding=\"async\" width=\"512\" height=\"512\" src=\"http:\/\/portfolio-dvp-web.local\/wp-content\/uploads\/2026\/04\/5968267.png\" alt=\"\" \/><\/a><\/figure>\n<h4><a href=\"#\">HTML<\/a><\/h4>\n<p>Structure des pages avec un code propre et s\u00e9mantique.<\/p>\n<figure><a href=\"#\" tabindex=\"-1\"><img loading=\"lazy\" decoding=\"async\" width=\"512\" height=\"512\" src=\"http:\/\/portfolio-dvp-web.local\/wp-content\/uploads\/2026\/04\/5968242.png\" alt=\"\" \/><\/a><\/figure>\n<h4><a href=\"#\">CSS<\/a><\/h4>\n<p>Cr\u00e9ation de designs modernes, responsives et anim\u00e9s.<\/p>\n<figure><a href=\"#\" tabindex=\"-1\"><img loading=\"lazy\" decoding=\"async\" width=\"980\" height=\"980\" src=\"http:\/\/portfolio-dvp-web.local\/wp-content\/uploads\/2026\/04\/javascript-logo-javascript-icon-transparent-free-png.webp\" alt=\"\" \/><\/a><\/figure>\n<h4><a href=\"#\">JavaScript<\/a><\/h4>\n<p>Ajout d&rsquo;interactions dynamiques pour une meilleure exp\u00e9rience utilisateur.<\/p>\n<figure><a href=\"#\" tabindex=\"-1\"><img loading=\"lazy\" decoding=\"async\" width=\"222\" height=\"227\" src=\"http:\/\/portfolio-dvp-web.local\/wp-content\/uploads\/2026\/04\/images-1.jpg\" alt=\"\" \/><\/a><\/figure>\n<h4><a href=\"#\">WordPress<\/a><\/h4>\n<p>Cr\u00e9ation et gestion de sites performants et faciles \u00e0 administrer.<\/p>\n<h3>Pourquoi me choisir ?<\/h3>\n<h4>\n\t\t\t\t\t\t\tExpertise technique<br \/>\n\t\t\t\t\t<\/h4>\n<p>\n\t\t\t\t\t\tDes solutions modernes, performantes et adapt\u00e9s \u00e0 vos besoins.\t\t\t\t\t<\/p>\n<h4>\n\t\t\t\t\t\t\tDesign moderne<br \/>\n\t\t\t\t\t<\/h4>\n<p>\n\t\t\t\t\t\tDes interfaces \u00e9l\u00e9gantes et responsives pour tous les \u00e9crans.\t\t\t\t\t<\/p>\n<h4>\n\t\t\t\t\t\t\tPerformance et SEO<br \/>\n\t\t\t\t\t<\/h4>\n<p>\n\t\t\t\t\t\tDes sites rapides et optimis\u00e9s pour Google et vos utilisateurs.\t\t\t\t\t<\/p>\n<h4>\n\t\t\t\t\t\t\tAccompagnement<br \/>\n\t\t\t\t\t<\/h4>\n<p>\n\t\t\t\t\t\tUn suivi personnalis\u00e9 avant, pendant et apr\u00e8s votre projet.\t\t\t\t\t<\/p>\n<h3>Avis clients<\/h3>\n<p>\t\t\t\t\t\t\tUn travail rapide et professionnel. Mon site est moderne et performant, exactement ce que je voulais.<br \/>\n\t\t\t\t\t\t\t<img loading=\"lazy\" decoding=\"async\" width=\"200\" height=\"200\" src=\"http:\/\/portfolio-dvp-web.local\/wp-content\/uploads\/2026\/04\/1670597152429.jpg\" alt=\"\" \/><br \/>\n\t\t\t\t\t\t\t\t\t\t\t\t\t\tJean Dupont<br \/>Entrepreneur<br \/>\n\t\t\t\t\t\t\tTr\u00e8s bonne collaboration. A l&rsquo;\u00e9coute et force de proposition, je recommande vivement.<br \/>\n\t\t\t\t\t\t\t<img loading=\"lazy\" decoding=\"async\" width=\"960\" height=\"640\" src=\"http:\/\/portfolio-dvp-web.local\/wp-content\/uploads\/2026\/04\/loisirs-sophie-mar1-960x640-1.jpg\" alt=\"\" \/><br \/>\n\t\t\t\t\t\t\t\t\t\t\t\t\t\tSophie Martin<br \/>Cr\u00e9atrice de marque<br \/>\n\t\t\t\t\t\t\tMon site est plus rapide et attire plus de clients depuis sa refonte. Excellent travail !<br \/>\n\t\t\t\t\t\t\t<img loading=\"lazy\" decoding=\"async\" width=\"200\" height=\"200\" src=\"http:\/\/portfolio-dvp-web.local\/wp-content\/uploads\/2026\/04\/1663581267425.jpg\" alt=\"\" \/><br \/>\n\t\t\t\t\t\t\t\t\t\t\t\t\t\tLucas Bernard<br \/>Freelance<\/p>\n<h3>Vous avez un projet web ?<\/h3>\n<p>Je vous accompagne dans la cr\u00e9ation d&rsquo;un site moderne, rapide et adapt\u00e9 \u00e0 vos objectifs. Discutons de votre projet d\u00e8s aujourd&rsquo;hui.<\/p>\n<p>\t\t\t\t\t\t\t\t<a href=\"http:\/\/portfolio-dvp-web.local\/contacts\/\"><br \/>\n\t\t\t\t\t\t\t\t\tMe contacter<br \/>\n\t\t\t\t\t<\/a><br \/>\n\t\t\t\t\t\t\t\t\t\t\t\t\t\t\t\t\t\t\t<img loading=\"lazy\" decoding=\"async\" width=\"500\" height=\"500\" src=\"http:\/\/portfolio-dvp-web.local\/wp-content\/uploads\/2026\/04\/Laptop_Lifestyle__How_to_Boost_Productivity_On-the-Go-removebg-preview.png\" alt=\"\" srcset=\"http:\/\/portfolio-dvp-web.local\/wp-content\/uploads\/2026\/04\/Laptop_Lifestyle__How_to_Boost_Productivity_On-the-Go-removebg-preview.png 500w, http:\/\/portfolio-dvp-web.local\/wp-content\/uploads\/2026\/04\/Laptop_Lifestyle__How_to_Boost_Productivity_On-the-Go-removebg-preview-300x300.png 300w, http:\/\/portfolio-dvp-web.local\/wp-content\/uploads\/2026\/04\/Laptop_Lifestyle__How_to_Boost_Productivity_On-the-Go-removebg-preview-150x150.png 150w\" sizes=\"auto, (max-width: 500px) 100vw, 500px\" \/>\t\t\t\t\t\t\t\t\t\t\t\t\t\t\t\t\t\t<\/p>\n<ul>\n<li>\n\t\t\t\t\t\t\t\t\t\t01 54 68 50 09 \/ 97 28 11 83\n\t\t\t\t\t\t\t\t\t<\/li>\n<li>\n\t\t\t\t\t\t\t\t\t\tPartout \u00e0 distance\n\t\t\t\t\t\t\t\t\t<\/li>\n<li>\n\t\t\t\t\t\t\t\t\t\tLundi au Vendredi  : 08h &#8211; 18h\n\t\t\t\t\t\t\t\t\t<\/li>\n<\/ul>\n<p>\t\t\t\t\t<a href=\"https:\/\/m.facebook.com\/hermeschrist.dohou\/\" target=\"_blank\"><br \/>\n\t\t\t\t\t\tFacebook-f<br \/>\n\t\t\t\t\t\t<svg aria-hidden=\"true\" viewBox=\"0 0 320 512\" xmlns=\"http:\/\/www.w3.org\/2000\/svg\"><path d=\"M279.14 288l14.22-92.66h-88.91v-60.13c0-25.35 12.42-50.06 52.24-50.06h40.42V6.26S260.43 0 225.36 0c-73.22 0-121.08 44.38-121.08 124.72v70.62H22.89V288h81.39v224h100.17V288z\"><\/path><\/svg>\t\t\t\t\t<\/a><br \/>\n\t\t\t\t\t<a target=\"_blank\"><br \/>\n\t\t\t\t\t\t\t\t\t\t\t<\/a> <\/p>\n","protected":false},"excerpt":{"rendered":"<p>Portfolio d&rsquo;un D\u00e9veloppeur Web Je concois des sites modernes, performants et sur mesure pour booster votre pr\u00e9sence en ligne. Voir mes projets A Propos de Moi D\u00e9veloppeur web passionn\u00e9, sp\u00e9cialis\u00e9 en front-end et back-end. J&rsquo;aime coder, innover et cr\u00e9er des exp\u00e9riences web uniques. En savoir plus Mes comp\u00e9tences Mes technologies HTML Structure des pages avec [&hellip;]<\/p>\n","protected":false},"author":1,"featured_media":0,"parent":0,"menu_order":0,"comment_status":"closed","ping_status":"closed","template":"","meta":{"footnotes":""},"class_list":["post-10","page","type-page","status-publish","hentry"],"_links":{"self":[{"href":"https:\/\/christhcd.iloveyoupihost.com\/index.php\/wp-json\/wp\/v2\/pages\/10","targetHints":{"allow":["GET"]}}],"collection":[{"href":"https:\/\/christhcd.iloveyoupihost.com\/index.php\/wp-json\/wp\/v2\/pages"}],"about":[{"href":"https:\/\/christhcd.iloveyoupihost.com\/index.php\/wp-json\/wp\/v2\/types\/page"}],"author":[{"embeddable":true,"href":"https:\/\/christhcd.iloveyoupihost.com\/index.php\/wp-json\/wp\/v2\/users\/1"}],"replies":[{"embeddable":true,"href":"https:\/\/christhcd.iloveyoupihost.com\/index.php\/wp-json\/wp\/v2\/comments?post=10"}],"version-history":[{"count":0,"href":"https:\/\/christhcd.iloveyoupihost.com\/index.php\/wp-json\/wp\/v2\/pages\/10\/revisions"}],"wp:attachment":[{"href":"https:\/\/christhcd.iloveyoupihost.com\/index.php\/wp-json\/wp\/v2\/media?parent=10"}],"curies":[{"name":"wp","href":"https:\/\/api.w.org\/{rel}","templated":true}]}}