{"id":106,"date":"2026-04-09T16:15:47","date_gmt":"2026-04-09T16:15:47","guid":{"rendered":"http:\/\/portfolio-dvp-web.local\/?page_id=106"},"modified":"2026-04-09T16:15:47","modified_gmt":"2026-04-09T16:15:47","slug":"galerie","status":"publish","type":"page","link":"https:\/\/christhcd.iloveyoupihost.com\/index.php\/galerie\/","title":{"rendered":"Galerie"},"content":{"rendered":"<h1 \n\t\tdata-interaction-id=\"f14782a\" \n\t\tclass=\"e-f14782a-31e3717 e-heading-base\" \n\t><br \/>\n\t\t\tMes R\u00e9alisations<br \/>\n\t\t<\/h1>\n<p>Un apercu de mes derniers projets web, alliant design moderne et performance technique.<\/p>\n<hr data-interaction-id=\"b11b800\"   \/>\n\t\t<img \n\t\t\t\t\tdata-interaction-id=\"2b34cfa\" \n\t\t\t\t\t\t\t\t\tid=\"110\"\n\t\t\t\t\t\t\t\t\t\t\t\tsrc=\"http:\/\/portfolio-dvp-web.local\/wp-content\/uploads\/2026\/04\/WhatsApp-Image-2026-04-09-at-19.13.31.jpeg\"\n\t\t\t\t\t\t\t\t\t\t\t\twidth=\"1080\"\n\t\t\t\t\t\t\t\t\t\t\t\theight=\"589\"\n\t\t\t\t\t\t\t\t\t\t\t\tsrcset=\"http:\/\/portfolio-dvp-web.local\/wp-content\/uploads\/2026\/04\/WhatsApp-Image-2026-04-09-at-19.13.31.jpeg 1080w, http:\/\/portfolio-dvp-web.local\/wp-content\/uploads\/2026\/04\/WhatsApp-Image-2026-04-09-at-19.13.31-300x164.jpeg 300w, http:\/\/portfolio-dvp-web.local\/wp-content\/uploads\/2026\/04\/WhatsApp-Image-2026-04-09-at-19.13.31-1024x558.jpeg 1024w, http:\/\/portfolio-dvp-web.local\/wp-content\/uploads\/2026\/04\/WhatsApp-Image-2026-04-09-at-19.13.31-768x419.jpeg 768w\"\n\t\t\t\t\t\t\t\t\t\t\t\talt=\"\"\n\t\t\t\t\t\t\/><br \/>\n\t\t<img \n\t\t\t\t\tdata-interaction-id=\"2e777ad\" \n\t\t\t\t\t\t\t\t\tid=\"111\"\n\t\t\t\t\t\t\t\t\t\t\t\tsrc=\"http:\/\/portfolio-dvp-web.local\/wp-content\/uploads\/2026\/04\/WhatsApp-Image-2026-04-09-at-19.13.34.jpeg\"\n\t\t\t\t\t\t\t\t\t\t\t\twidth=\"1080\"\n\t\t\t\t\t\t\t\t\t\t\t\theight=\"589\"\n\t\t\t\t\t\t\t\t\t\t\t\tsrcset=\"http:\/\/portfolio-dvp-web.local\/wp-content\/uploads\/2026\/04\/WhatsApp-Image-2026-04-09-at-19.13.34.jpeg 1080w, http:\/\/portfolio-dvp-web.local\/wp-content\/uploads\/2026\/04\/WhatsApp-Image-2026-04-09-at-19.13.34-300x164.jpeg 300w, http:\/\/portfolio-dvp-web.local\/wp-content\/uploads\/2026\/04\/WhatsApp-Image-2026-04-09-at-19.13.34-1024x558.jpeg 1024w, http:\/\/portfolio-dvp-web.local\/wp-content\/uploads\/2026\/04\/WhatsApp-Image-2026-04-09-at-19.13.34-768x419.jpeg 768w\"\n\t\t\t\t\t\t\t\t\t\t\t\talt=\"\"\n\t\t\t\t\t\t\/><br \/>\n\t\t<img \n\t\t\t\t\tdata-interaction-id=\"77b3bd8\" \n\t\t\t\t\t\t\t\t\tid=\"112\"\n\t\t\t\t\t\t\t\t\t\t\t\tsrc=\"http:\/\/portfolio-dvp-web.local\/wp-content\/uploads\/2026\/04\/WhatsApp-Image-2026-04-09-at-19.13.36.jpeg\"\n\t\t\t\t\t\t\t\t\t\t\t\twidth=\"1080\"\n\t\t\t\t\t\t\t\t\t\t\t\theight=\"589\"\n\t\t\t\t\t\t\t\t\t\t\t\tsrcset=\"http:\/\/portfolio-dvp-web.local\/wp-content\/uploads\/2026\/04\/WhatsApp-Image-2026-04-09-at-19.13.36.jpeg 1080w, http:\/\/portfolio-dvp-web.local\/wp-content\/uploads\/2026\/04\/WhatsApp-Image-2026-04-09-at-19.13.36-300x164.jpeg 300w, http:\/\/portfolio-dvp-web.local\/wp-content\/uploads\/2026\/04\/WhatsApp-Image-2026-04-09-at-19.13.36-1024x558.jpeg 1024w, http:\/\/portfolio-dvp-web.local\/wp-content\/uploads\/2026\/04\/WhatsApp-Image-2026-04-09-at-19.13.36-768x419.jpeg 768w\"\n\t\t\t\t\t\t\t\t\t\t\t\talt=\"\"\n\t\t\t\t\t\t\/><\/p>\n<h2 \n\t\tdata-interaction-id=\"63fb9c7\" \n\t\tclass=\"e-63fb9c7-89e5793 e-heading-base\" \n\t><br \/>\n\t\t\tPret \u00e0 donner vie \u00e0 votre projet ?<br \/>\n\t\t<\/h2>\n<p>\t\t\t\t\t    \t            <button data-interaction-id=\"f6c6b74\"  ><br \/>\n            Me contacter maintenant<br \/>\n        <\/button> <\/p>\n","protected":false},"excerpt":{"rendered":"<p>Mes R\u00e9alisations Un apercu de mes derniers projets web, alliant design moderne et performance technique. Pret \u00e0 donner vie \u00e0 votre projet ? Me contacter maintenant<\/p>\n","protected":false},"author":1,"featured_media":0,"parent":0,"menu_order":0,"comment_status":"closed","ping_status":"closed","template":"","meta":{"footnotes":""},"class_list":["post-106","page","type-page","status-publish","hentry"],"_links":{"self":[{"href":"https:\/\/christhcd.iloveyoupihost.com\/index.php\/wp-json\/wp\/v2\/pages\/106","targetHints":{"allow":["GET"]}}],"collection":[{"href":"https:\/\/christhcd.iloveyoupihost.com\/index.php\/wp-json\/wp\/v2\/pages"}],"about":[{"href":"https:\/\/christhcd.iloveyoupihost.com\/index.php\/wp-json\/wp\/v2\/types\/page"}],"author":[{"embeddable":true,"href":"https:\/\/christhcd.iloveyoupihost.com\/index.php\/wp-json\/wp\/v2\/users\/1"}],"replies":[{"embeddable":true,"href":"https:\/\/christhcd.iloveyoupihost.com\/index.php\/wp-json\/wp\/v2\/comments?post=106"}],"version-history":[{"count":0,"href":"https:\/\/christhcd.iloveyoupihost.com\/index.php\/wp-json\/wp\/v2\/pages\/106\/revisions"}],"wp:attachment":[{"href":"https:\/\/christhcd.iloveyoupihost.com\/index.php\/wp-json\/wp\/v2\/media?parent=106"}],"curies":[{"name":"wp","href":"https:\/\/api.w.org\/{rel}","templated":true}]}}