{"id":79,"date":"2026-04-07T12:37:48","date_gmt":"2026-04-07T12:37:48","guid":{"rendered":"http:\/\/portfolio-dvp-web.local\/?page_id=79"},"modified":"2026-04-07T12:37:48","modified_gmt":"2026-04-07T12:37:48","slug":"services","status":"publish","type":"page","link":"https:\/\/christhcd.iloveyoupihost.com\/index.php\/services\/","title":{"rendered":"Services"},"content":{"rendered":"<p><img loading=\"lazy\" decoding=\"async\" width=\"1080\" height=\"589\" src=\"http:\/\/portfolio-dvp-web.local\/wp-content\/uploads\/2026\/04\/WhatsApp-Image-2026-04-07-at-14.53.31.jpeg\" alt=\"\" srcset=\"http:\/\/portfolio-dvp-web.local\/wp-content\/uploads\/2026\/04\/WhatsApp-Image-2026-04-07-at-14.53.31.jpeg 1080w, http:\/\/portfolio-dvp-web.local\/wp-content\/uploads\/2026\/04\/WhatsApp-Image-2026-04-07-at-14.53.31-300x164.jpeg 300w, http:\/\/portfolio-dvp-web.local\/wp-content\/uploads\/2026\/04\/WhatsApp-Image-2026-04-07-at-14.53.31-1024x558.jpeg 1024w, http:\/\/portfolio-dvp-web.local\/wp-content\/uploads\/2026\/04\/WhatsApp-Image-2026-04-07-at-14.53.31-768x419.jpeg 768w\" sizes=\"auto, (max-width: 1080px) 100vw, 1080px\" \/>\t\t\t\t\t\t\t\t\t\t\t\t\t\t\t\t\t\t<\/p>\n<h1 \n\t\tdata-interaction-id=\"d141c7f\" \n\t\tclass=\"e-d141c7f-ae06a8d e-heading-base\" \n\t><br \/>\n\t\t\tDes solutions web sur mesure pour booster votre activit\u00e9<br \/>\n\t\t<\/h1>\n<h1>Des solutions digitales sur mesure pour vos projets<\/h1>\n<p>J&rsquo;accompagne les entreprises dans leur transformation num\u00e9rique en cr\u00e9ant des sites performants, esth\u00e9tiques et optimis\u00e9s pour le r\u00e9f\u00e9rencement.<\/p>\n<p>\t\t\t\t\t\t\t\t<a href=\"http:\/\/portfolio-dvp-web.local\/contacts\/\"><br \/>\n\t\t\t\t\t\t\t\t\tDemander un devis<br \/>\n\t\t\t\t\t<\/a><br \/>\n\t\t\t\t\t\t\t\t\t\t\t\t\t\t\t\t\t\t\t<img loading=\"lazy\" decoding=\"async\" width=\"800\" height=\"436\" src=\"http:\/\/portfolio-dvp-web.local\/wp-content\/uploads\/2026\/04\/WhatsApp-Image-2026-04-07-at-15.01.33-1024x558.jpeg\" alt=\"\" srcset=\"http:\/\/portfolio-dvp-web.local\/wp-content\/uploads\/2026\/04\/WhatsApp-Image-2026-04-07-at-15.01.33-1024x558.jpeg 1024w, http:\/\/portfolio-dvp-web.local\/wp-content\/uploads\/2026\/04\/WhatsApp-Image-2026-04-07-at-15.01.33-300x164.jpeg 300w, http:\/\/portfolio-dvp-web.local\/wp-content\/uploads\/2026\/04\/WhatsApp-Image-2026-04-07-at-15.01.33-768x419.jpeg 768w, http:\/\/portfolio-dvp-web.local\/wp-content\/uploads\/2026\/04\/WhatsApp-Image-2026-04-07-at-15.01.33.jpeg 1080w\" sizes=\"auto, (max-width: 800px) 100vw, 800px\" \/>\t\t\t\t\t\t\t\t\t\t\t\t\t\t\t\t\t\t\t\t\t\t\t\t\t\t<img loading=\"lazy\" decoding=\"async\" width=\"800\" height=\"436\" src=\"http:\/\/portfolio-dvp-web.local\/wp-content\/uploads\/2026\/04\/WhatsApp-Image-2026-04-07-at-15.14.14-1024x558.jpeg\" alt=\"\" srcset=\"http:\/\/portfolio-dvp-web.local\/wp-content\/uploads\/2026\/04\/WhatsApp-Image-2026-04-07-at-15.14.14-1024x558.jpeg 1024w, http:\/\/portfolio-dvp-web.local\/wp-content\/uploads\/2026\/04\/WhatsApp-Image-2026-04-07-at-15.14.14-300x164.jpeg 300w, http:\/\/portfolio-dvp-web.local\/wp-content\/uploads\/2026\/04\/WhatsApp-Image-2026-04-07-at-15.14.14-768x419.jpeg 768w, http:\/\/portfolio-dvp-web.local\/wp-content\/uploads\/2026\/04\/WhatsApp-Image-2026-04-07-at-15.14.14.jpeg 1080w\" sizes=\"auto, (max-width: 800px) 100vw, 800px\" \/>\t\t\t\t\t\t\t\t\t\t\t\t\t\t\t\t\t\t\t\t\t\t\t\t\t\t<img loading=\"lazy\" decoding=\"async\" width=\"800\" height=\"436\" src=\"http:\/\/portfolio-dvp-web.local\/wp-content\/uploads\/2026\/04\/WhatsApp-Image-2026-04-07-at-15.14.15-1024x558.jpeg\" alt=\"\" srcset=\"http:\/\/portfolio-dvp-web.local\/wp-content\/uploads\/2026\/04\/WhatsApp-Image-2026-04-07-at-15.14.15-1024x558.jpeg 1024w, http:\/\/portfolio-dvp-web.local\/wp-content\/uploads\/2026\/04\/WhatsApp-Image-2026-04-07-at-15.14.15-300x164.jpeg 300w, http:\/\/portfolio-dvp-web.local\/wp-content\/uploads\/2026\/04\/WhatsApp-Image-2026-04-07-at-15.14.15-768x419.jpeg 768w, http:\/\/portfolio-dvp-web.local\/wp-content\/uploads\/2026\/04\/WhatsApp-Image-2026-04-07-at-15.14.15.jpeg 1080w\" sizes=\"auto, (max-width: 800px) 100vw, 800px\" \/>\t\t\t\t\t\t\t\t\t\t\t\t\t\t\t\t\t\t\t\t\t\t\t\t\t\t<img loading=\"lazy\" decoding=\"async\" width=\"800\" height=\"436\" src=\"http:\/\/portfolio-dvp-web.local\/wp-content\/uploads\/2026\/04\/WhatsApp-Image-2026-04-07-at-15.14.14-1-1024x558.jpeg\" alt=\"\" srcset=\"http:\/\/portfolio-dvp-web.local\/wp-content\/uploads\/2026\/04\/WhatsApp-Image-2026-04-07-at-15.14.14-1-1024x558.jpeg 1024w, http:\/\/portfolio-dvp-web.local\/wp-content\/uploads\/2026\/04\/WhatsApp-Image-2026-04-07-at-15.14.14-1-300x164.jpeg 300w, http:\/\/portfolio-dvp-web.local\/wp-content\/uploads\/2026\/04\/WhatsApp-Image-2026-04-07-at-15.14.14-1-768x419.jpeg 768w, http:\/\/portfolio-dvp-web.local\/wp-content\/uploads\/2026\/04\/WhatsApp-Image-2026-04-07-at-15.14.14-1.jpeg 1080w\" sizes=\"auto, (max-width: 800px) 100vw, 800px\" \/>\t\t\t\t\t\t\t\t\t\t\t\t\t\t\t\t\t\t\t\t\t\t\t\t\t\t<img loading=\"lazy\" decoding=\"async\" width=\"800\" height=\"436\" src=\"http:\/\/portfolio-dvp-web.local\/wp-content\/uploads\/2026\/04\/WhatsApp-Image-2026-04-07-at-15.14.15-1-1024x558.jpeg\" alt=\"\" srcset=\"http:\/\/portfolio-dvp-web.local\/wp-content\/uploads\/2026\/04\/WhatsApp-Image-2026-04-07-at-15.14.15-1-1024x558.jpeg 1024w, http:\/\/portfolio-dvp-web.local\/wp-content\/uploads\/2026\/04\/WhatsApp-Image-2026-04-07-at-15.14.15-1-300x164.jpeg 300w, http:\/\/portfolio-dvp-web.local\/wp-content\/uploads\/2026\/04\/WhatsApp-Image-2026-04-07-at-15.14.15-1-768x419.jpeg 768w, http:\/\/portfolio-dvp-web.local\/wp-content\/uploads\/2026\/04\/WhatsApp-Image-2026-04-07-at-15.14.15-1.jpeg 1080w\" sizes=\"auto, (max-width: 800px) 100vw, 800px\" \/>\t\t\t\t\t\t\t\t\t\t\t\t\t\t\t\t<\/p>\n<h3>Une approche centr\u00e9 sur vos objectifs<\/h3>\n<p>Chaque projet est unique. Je ne me contente pas de coder un site, je cr\u00e9e une exp\u00e9rience utilisateur fluide et une interface qui refl\u00e8te l&rsquo;identit\u00e9 de votre marque. Mon but est de transformer vos id\u00e9es en outils digitaux concrets.<\/p>\n<p>\t\t\t\t\t\t\t\t<a href=\"http:\/\/portfolio-dvp-web.local\/contacts\/\"><br \/>\n\t\t\t\t\t\t\t\t\tMe contacter<br \/>\n\t\t\t\t\t<\/a><\/p>\n<h3>Mes Domaines d&rsquo;Expertise<\/h3>\n<p>Je propose des services complets pour vous accompagner dans la r\u00e9ussite de vos projets num\u00e9riques. <\/p>\n<figure><a href=\"#\" tabindex=\"-1\"><img loading=\"lazy\" decoding=\"async\" width=\"512\" height=\"512\" src=\"http:\/\/portfolio-dvp-web.local\/wp-content\/uploads\/2026\/04\/6303922.png\" alt=\"\" \/><\/a><\/figure>\n<h4><a href=\"#\">Cr\u00e9ation de site web <\/a><\/h4>\n<p>Conception de sites vitrines et e-commerce modernes, rapides et enti\u00e8rement adapt\u00e9s aux mobiles.<\/p>\n<figure><a href=\"#\" tabindex=\"-1\"><img loading=\"lazy\" decoding=\"async\" width=\"225\" height=\"225\" src=\"http:\/\/portfolio-dvp-web.local\/wp-content\/uploads\/2026\/04\/images.png\" alt=\"\" \/><\/a><\/figure>\n<h4><a href=\"#\">D\u00e9veloppement sur mesure<\/a><\/h4>\n<p>D\u00e9veloppement de fonctionnalit\u00e9s sp\u00e9cifiques et d&rsquo;applications web performantes r\u00e9pondant pr\u00e9cis\u00e9ment \u00e0 vos besoins m\u00e9tier.<\/p>\n<figure><a href=\"#\" tabindex=\"-1\"><img loading=\"lazy\" decoding=\"async\" width=\"512\" height=\"512\" src=\"http:\/\/portfolio-dvp-web.local\/wp-content\/uploads\/2026\/04\/3176345.png\" alt=\"\" \/><\/a><\/figure>\n<h4><a href=\"#\">Optimisation SEO Et performance<\/a><\/h4>\n<p>Am\u00e9lioration de la vitesse de chargement et optimisation pour les moteurs de recherche afin d&rsquo;augmenter votre visibilit\u00e9 en ligne.<\/p>\n<figure><a href=\"#\" tabindex=\"-1\"><img loading=\"lazy\" decoding=\"async\" width=\"512\" height=\"512\" src=\"http:\/\/portfolio-dvp-web.local\/wp-content\/uploads\/2026\/04\/8777581.png\" alt=\"\" \/><\/a><\/figure>\n<h4><a href=\"#\">Maintenance et support<\/a><\/h4>\n<p>Mise \u00e0 jour r\u00e9guli\u00e8re, corrections de bugs et s\u00e9curisation de votre site pour vous garantir une tranquillit\u00e9 d&rsquo;esprit totale.<\/p>\n<h3>Pourquoi me confier votre projet ?<\/h3>\n<h4>\n\t\t\t\t\t\t\tQualit\u00e9 et performance<br \/>\n\t\t\t\t\t<\/h4>\n<p>\n\t\t\t\t\t\tJe d\u00e9veloppe des sites optimis\u00e9s  pour une vitesse de chargement ultra-rapide et un code propre respectant les derni\u00e8res normes web.\t\t\t\t\t<\/p>\n<h4>\n\t\t\t\t\t\t\tDesign adaptatif<br \/>\n\t\t\t\t\t<\/h4>\n<p>\n\t\t\t\t\t\tVotre site sera parfaitement lisible et esth\u00e9tique sur tous les sur tous les supports : smartphone, tablettes et ordinateurs.\t\t\t\t\t<\/p>\n<h4>\n\t\t\t\t\t\t\tAccompagnement D\u00e9di\u00e9<br \/>\n\t\t\t\t\t<\/h4>\n<p>\n\t\t\t\t\t\tPas de jargon complexe. Je vous explique chaque \u00e9tape clairement et je reste disponible pour r\u00e9pondre \u00e0 toutes vos questions.\t\t\t\t\t<\/p>\n<h4>\n\t\t\t\t\t\t\tRespect des d\u00e9lais<br \/>\n\t\t\t\t\t<\/h4>\n<p>\n\t\t\t\t\t\tJe m&rsquo;engage sur un calendrier pr\u00e9cis d\u00e8s le d\u00e9but du projet  pour vous livrer votre solution digitale en temps et en heure.\t\t\t\t\t<\/p>\n<h3>Ils me font confiance<\/h3>\n<p>\t\t\t\t\t\t\tProfessionnalisme<br \/>Un d\u00e9veloppeur \u00e0 l&rsquo;\u00e9coute et tr\u00e8s r\u00e9actif. Le site livr\u00e9 correspond exactement \u00e0 nos attentes et le code est tr\u00e8s propre.<br \/>\n\t\t\t\t\t\t\t<img loading=\"lazy\" decoding=\"async\" width=\"500\" height=\"500\" src=\"http:\/\/portfolio-dvp-web.local\/wp-content\/uploads\/2026\/04\/Laptop_Lifestyle__How_to_Boost_Productivity_On-the-Go-removebg-preview.png\" alt=\"\" \/><br \/>\n\t\t\t\t\t\t\t\t\t\t\t\t\t\tClient Name<br \/>\n\t\t\t\t\t\t\tTechnique \/ SEO<br \/>Grace \u00e0 son expertise, la vitesse de notre site a \u00e9t\u00e9 doubl\u00e9e. Notre visibilit\u00e9 sur google s&rsquo;est nettement am\u00e9lior\u00e9e.<br \/>\n\t\t\t\t\t\t\t<img loading=\"lazy\" decoding=\"async\" width=\"1080\" height=\"589\" src=\"http:\/\/portfolio-dvp-web.local\/wp-content\/uploads\/2026\/04\/WhatsApp-Image-2026-04-07-at-10.08.35.jpeg\" alt=\"\" \/><br \/>\n\t\t\t\t\t\t\t\t\t\t\t\t\t\tClient Name<br \/>\n\t\t\t\t\t\t\tDesign \/ UI<br \/>Le design est moderne et l&rsquo;interface tr\u00e8s intuitive. Nos utilisateurs adorent la nouvelle version mobile du site.<br \/>\n\t\t\t\t\t\t\t<img loading=\"lazy\" decoding=\"async\" width=\"736\" height=\"964\" src=\"http:\/\/portfolio-dvp-web.local\/wp-content\/uploads\/2026\/04\/telechargement-5.jpg\" alt=\"\" \/><br \/>\n\t\t\t\t\t\t\t\t\t\t\t\t\t\tClient Name<\/p>\n<h3>Pret \u00e0 lancer votre projet web<\/h3>\n<p>Que vous ayez une id\u00e9es pr\u00e9cise ou que vous ayez besoin de conseils techniques, je suis la pour vous accompagner. Discutons ensemble de vos objectifs et cr\u00e9ons le site qui vous ressemble.<\/p>\n<p>\t\t\t\t\t\t\t\t<a href=\"http:\/\/portfolio-dvp-web.local\/contacts\/\"><br \/>\n\t\t\t\t\t\t\t\t\tCommencer maintenant<br \/>\n\t\t\t\t\t<\/a><br \/>\n\t\t\t\t\t\t\t\t\t\t\t\t\t\t\t\t\t\t\t<img loading=\"lazy\" decoding=\"async\" width=\"500\" height=\"500\" src=\"http:\/\/portfolio-dvp-web.local\/wp-content\/uploads\/2026\/04\/Laptop_Lifestyle__How_to_Boost_Productivity_On-the-Go-removebg-preview.png\" alt=\"\" srcset=\"http:\/\/portfolio-dvp-web.local\/wp-content\/uploads\/2026\/04\/Laptop_Lifestyle__How_to_Boost_Productivity_On-the-Go-removebg-preview.png 500w, http:\/\/portfolio-dvp-web.local\/wp-content\/uploads\/2026\/04\/Laptop_Lifestyle__How_to_Boost_Productivity_On-the-Go-removebg-preview-300x300.png 300w, http:\/\/portfolio-dvp-web.local\/wp-content\/uploads\/2026\/04\/Laptop_Lifestyle__How_to_Boost_Productivity_On-the-Go-removebg-preview-150x150.png 150w\" sizes=\"auto, (max-width: 500px) 100vw, 500px\" \/>\t\t\t\t\t\t\t\t\t\t\t\t\t\t\t\t\t\t<\/p>\n<ul>\n<li>\n\t\t\t\t\t\t\t\t\t\t01 54 68 50 09 \/ 97 28 11 83\n\t\t\t\t\t\t\t\t\t<\/li>\n<li>\n\t\t\t\t\t\t\t\t\t\tDisponible partout \u00e0 distance\n\t\t\t\t\t\t\t\t\t<\/li>\n<li>\n\t\t\t\t\t\t\t\t\t\tLundi au vendredi 08h -18h\n\t\t\t\t\t\t\t\t\t<\/li>\n<\/ul>\n<p>\t\t\t\t\t<a target=\"_blank\"><br \/>\n\t\t\t\t\t\tFacebook-f<br \/>\n\t\t\t\t\t\t<svg aria-hidden=\"true\" viewBox=\"0 0 320 512\" xmlns=\"http:\/\/www.w3.org\/2000\/svg\"><path d=\"M279.14 288l14.22-92.66h-88.91v-60.13c0-25.35 12.42-50.06 52.24-50.06h40.42V6.26S260.43 0 225.36 0c-73.22 0-121.08 44.38-121.08 124.72v70.62H22.89V288h81.39v224h100.17V288z\"><\/path><\/svg>\t\t\t\t\t<\/a><br \/>\n\t\t\t\t\t<a target=\"_blank\"><br \/>\n\t\t\t\t\t\t\t\t\t\t\t<\/a><br \/>\n\t\t\t\t\t<a target=\"_blank\"><br \/>\n\t\t\t\t\t\tTwitter<br \/>\n\t\t\t\t\t\t<svg aria-hidden=\"true\" viewBox=\"0 0 512 512\" xmlns=\"http:\/\/www.w3.org\/2000\/svg\"><path d=\"M459.37 151.716c.325 4.548.325 9.097.325 13.645 0 138.72-105.583 298.558-298.558 298.558-59.452 0-114.68-17.219-161.137-47.106 8.447.974 16.568 1.299 25.34 1.299 49.055 0 94.213-16.568 130.274-44.832-46.132-.975-84.792-31.188-98.112-72.772 6.498.974 12.995 1.624 19.818 1.624 9.421 0 18.843-1.3 27.614-3.573-48.081-9.747-84.143-51.98-84.143-102.985v-1.299c13.969 7.797 30.214 12.67 47.431 13.319-28.264-18.843-46.781-51.005-46.781-87.391 0-19.492 5.197-37.36 14.294-52.954 51.655 63.675 129.3 105.258 216.365 109.807-1.624-7.797-2.599-15.918-2.599-24.04 0-57.828 46.782-104.934 104.934-104.934 30.213 0 57.502 12.67 76.67 33.137 23.715-4.548 46.456-13.32 66.599-25.34-7.798 24.366-24.366 44.833-46.132 57.827 21.117-2.273 41.584-8.122 60.426-16.243-14.292 20.791-32.161 39.308-52.628 54.253z\"><\/path><\/svg>\t\t\t\t\t<\/a> <\/p>\n","protected":false},"excerpt":{"rendered":"<p>Des solutions web sur mesure pour booster votre activit\u00e9 Des solutions digitales sur mesure pour vos projets J&rsquo;accompagne les entreprises dans leur transformation num\u00e9rique en cr\u00e9ant des sites performants, esth\u00e9tiques et optimis\u00e9s pour le r\u00e9f\u00e9rencement. Demander un devis Une approche centr\u00e9 sur vos objectifs Chaque projet est unique. Je ne me contente pas de coder [&hellip;]<\/p>\n","protected":false},"author":1,"featured_media":0,"parent":0,"menu_order":0,"comment_status":"closed","ping_status":"closed","template":"","meta":{"footnotes":""},"class_list":["post-79","page","type-page","status-publish","hentry"],"_links":{"self":[{"href":"https:\/\/christhcd.iloveyoupihost.com\/index.php\/wp-json\/wp\/v2\/pages\/79","targetHints":{"allow":["GET"]}}],"collection":[{"href":"https:\/\/christhcd.iloveyoupihost.com\/index.php\/wp-json\/wp\/v2\/pages"}],"about":[{"href":"https:\/\/christhcd.iloveyoupihost.com\/index.php\/wp-json\/wp\/v2\/types\/page"}],"author":[{"embeddable":true,"href":"https:\/\/christhcd.iloveyoupihost.com\/index.php\/wp-json\/wp\/v2\/users\/1"}],"replies":[{"embeddable":true,"href":"https:\/\/christhcd.iloveyoupihost.com\/index.php\/wp-json\/wp\/v2\/comments?post=79"}],"version-history":[{"count":0,"href":"https:\/\/christhcd.iloveyoupihost.com\/index.php\/wp-json\/wp\/v2\/pages\/79\/revisions"}],"wp:attachment":[{"href":"https:\/\/christhcd.iloveyoupihost.com\/index.php\/wp-json\/wp\/v2\/media?parent=79"}],"curies":[{"name":"wp","href":"https:\/\/api.w.org\/{rel}","templated":true}]}}